{"id":77,"date":"2021-08-07T20:34:41","date_gmt":"2021-08-07T20:34:41","guid":{"rendered":"http:\/\/bsa-sound.dk\/?page_id=77"},"modified":"2024-11-05T09:44:18","modified_gmt":"2024-11-05T09:44:18","slug":"hjem","status":"publish","type":"page","link":"https:\/\/bsa-sound.dk\/","title":{"rendered":"Velkommen"},"content":{"rendered":"\n<div class=\"wp-block-media-text alignwide is-stacked-on-mobile\"><figure class=\"wp-block-media-text__media\"><img loading=\"lazy\" decoding=\"async\" width=\"1024\" height=\"576\" src=\"http:\/\/bsa-sound.dk\/wp-content\/uploads\/2021\/08\/IMG_1195-edited-1024x576.png\" alt=\"\" class=\"wp-image-266 size-full\" srcset=\"https:\/\/bsa-sound.dk\/wp-content\/uploads\/2021\/08\/IMG_1195-edited-1024x576.png 1024w, https:\/\/bsa-sound.dk\/wp-content\/uploads\/2021\/08\/IMG_1195-edited-300x169.png 300w, https:\/\/bsa-sound.dk\/wp-content\/uploads\/2021\/08\/IMG_1195-edited-768x432.png 768w, https:\/\/bsa-sound.dk\/wp-content\/uploads\/2021\/08\/IMG_1195-edited-1536x864.png 1536w, https:\/\/bsa-sound.dk\/wp-content\/uploads\/2021\/08\/IMG_1195-edited-2048x1152.png 2048w\" sizes=\"auto, (max-width: 1024px) 100vw, 1024px\" \/><\/figure><div class=\"wp-block-media-text__content\">\n<p class=\"has-large-font-size\"><br>BSA Sound<\/p>\n\n\n\n<p>BSA Sound er den professionelle partner inden for <br>lyd-, lys-, scene-\u00a0&amp; AV-l\u00f8sninger.<br><br>BSA Sound har mange \u00e5rs brancheerfaring, h\u00f8j kvalitet af udstyr samt kompromisl\u00f8s tilgang til at levere det bedste for kunder, arrang\u00f8rer s\u00e5vel kunstnere.<\/p>\n<\/div><\/div>\n\n\n\n<div class=\"wp-block-group alignfull\"><div class=\"wp-block-group__inner-container is-layout-flow wp-block-group-is-layout-flow\">\n<p><\/p>\n\n\n<\/div><\/div>\n","protected":false},"excerpt":{"rendered":"<p>BSA Sound BSA Sound er den professionelle partner inden for lyd-, lys-, scene-\u00a0&amp; AV-l\u00f8sninger. BSA Sound har mange \u00e5rs brancheerfaring, h\u00f8j kvalitet af udstyr samt&hellip;<\/p>\n","protected":false},"author":1,"featured_media":258,"parent":0,"menu_order":1,"comment_status":"closed","ping_status":"closed","template":"","meta":{"footnotes":""},"class_list":["post-77","page","type-page","status-publish","has-post-thumbnail","hentry"],"_links":{"self":[{"href":"https:\/\/bsa-sound.dk\/index.php\/wp-json\/wp\/v2\/pages\/77","targetHints":{"allow":["GET"]}}],"collection":[{"href":"https:\/\/bsa-sound.dk\/index.php\/wp-json\/wp\/v2\/pages"}],"about":[{"href":"https:\/\/bsa-sound.dk\/index.php\/wp-json\/wp\/v2\/types\/page"}],"author":[{"embeddable":true,"href":"https:\/\/bsa-sound.dk\/index.php\/wp-json\/wp\/v2\/users\/1"}],"replies":[{"embeddable":true,"href":"https:\/\/bsa-sound.dk\/index.php\/wp-json\/wp\/v2\/comments?post=77"}],"version-history":[{"count":14,"href":"https:\/\/bsa-sound.dk\/index.php\/wp-json\/wp\/v2\/pages\/77\/revisions"}],"predecessor-version":[{"id":318,"href":"https:\/\/bsa-sound.dk\/index.php\/wp-json\/wp\/v2\/pages\/77\/revisions\/318"}],"wp:featuredmedia":[{"embeddable":true,"href":"https:\/\/bsa-sound.dk\/index.php\/wp-json\/wp\/v2\/media\/258"}],"wp:attachment":[{"href":"https:\/\/bsa-sound.dk\/index.php\/wp-json\/wp\/v2\/media?parent=77"}],"curies":[{"name":"wp","href":"https:\/\/api.w.org\/{rel}","templated":true}]}}